{"id":5198,"date":"2025-10-11T11:09:34","date_gmt":"2025-10-11T11:09:34","guid":{"rendered":"http:\/\/localhost:10038\/?post_type=product&#038;p=5198"},"modified":"2026-02-20T15:33:47","modified_gmt":"2026-02-20T15:33:47","slug":"tinctura-de-marar","status":"publish","type":"product","link":"https:\/\/gruboplant.ro\/?product=tinctura-de-marar","title":{"rendered":"Tinctur\u0103 de M\u0103rar"},"content":{"rendered":"<p>(Anethum graveolens)<br \/>\n<strong>Recomandat\u0103 \u00een<\/strong>: men\u021bine echilibrul hormonal la femei, normalizeaz\u0103 concentra\u0163ia de estrogeni, stimularea digestiei, combate balon\u0103rile, sughi\u021batul,<br \/>\nreten\u021bii hidrice, edeme, regl\u0103ri menstruale, cre\u0219te fermitatea s\u00e2nilor, \u00eent\u0103re\u015fte oasele, combate depresia.<\/p>\n<p><strong>Mod de \u00eentrebuin\u0163are: <\/strong>C\u00e2te 1 linguri\u021b\u0103 de 2-3 ori pe zi, cu 30 de<br \/>\nminute \u00eenaintea meselor principale, diluate \u00een ceai, ap\u0103 sau luat ca atare.<br \/>\nPentru persoanele care nu suport\u0103 sau c\u0103rora le este interzis\/restric\u021bionat consumul de alcool, tinctura se dilueaz\u0103 \u00een ceai fierbinte, procedeu prin care alcoolul se evapor\u0103, f\u0103r\u0103 a afecta con\u021binutul de substan\u0163e biologic active din ceai.<br \/>\nCon\u0163inut alcool \u00eentre 20-24.<\/p>\n<p><strong>Atentie!<\/strong> a se agita produsul \u00eenainte de utilizare.<br \/>\nProdus realizat \u00een conformitate cu normele H.A.C.C.P.<br \/>\n&#8211; fitoterapeut &#8211;<br \/>\nGruie Marius Viorel<br \/>\nLoc.: Poieni de Jos, nr. 109<br \/>\nCom.: Bunte\u0219ti Jud.:Bihor<br \/>\nTelefoane pentru informa\u021bii \u015fi comenzi:<br \/>\n0770 650 562<br \/>\n0770 652 698<\/p>\n","protected":false},"excerpt":{"rendered":"<p>(Anethum graveolens) Recomandat\u0103 \u00een: men\u021bine echilibrul hormonal la femei, normalizeaz\u0103 concentra\u0163ia de estrogeni, stimularea digestiei, combate balon\u0103rile, sughi\u021batul, reten\u021bii hidrice, edeme, regl\u0103ri menstruale, cre\u0219te fermitatea s\u00e2nilor, \u00eent\u0103re\u015fte oasele, combate depresia. Mod de \u00eentrebuin\u0163are: C\u00e2te 1 linguri\u021b\u0103 de 2-3 ori pe zi, cu 30 de minute \u00eenaintea meselor principale, diluate \u00een ceai, ap\u0103 sau luat ca &hellip; <a href=\"https:\/\/gruboplant.ro\/?product=tinctura-de-marar\" class=\"more-link\">Continue reading <span class=\"screen-reader-text\">Tinctur\u0103 de M\u0103rar<\/span><\/a><\/p>\n","protected":false},"featured_media":5564,"template":"","meta":[],"product_cat":[15,84],"product_tag":[],"class_list":{"0":"post-5198","1":"product","2":"type-product","3":"status-publish","4":"has-post-thumbnail","6":"product_cat-uncategorized","7":"product_cat-tincturi","9":"first","10":"instock","11":"shipping-taxable","12":"purchasable","13":"product-type-simple"},"_links":{"self":[{"href":"https:\/\/gruboplant.ro\/index.php?rest_route=\/wp\/v2\/product\/5198","targetHints":{"allow":["GET"]}}],"collection":[{"href":"https:\/\/gruboplant.ro\/index.php?rest_route=\/wp\/v2\/product"}],"about":[{"href":"https:\/\/gruboplant.ro\/index.php?rest_route=\/wp\/v2\/types\/product"}],"wp:featuredmedia":[{"embeddable":true,"href":"https:\/\/gruboplant.ro\/index.php?rest_route=\/wp\/v2\/media\/5564"}],"wp:attachment":[{"href":"https:\/\/gruboplant.ro\/index.php?rest_route=%2Fwp%2Fv2%2Fmedia&parent=5198"}],"wp:term":[{"taxonomy":"product_cat","embeddable":true,"href":"https:\/\/gruboplant.ro\/index.php?rest_route=%2Fwp%2Fv2%2Fproduct_cat&post=5198"},{"taxonomy":"product_tag","embeddable":true,"href":"https:\/\/gruboplant.ro\/index.php?rest_route=%2Fwp%2Fv2%2Fproduct_tag&post=5198"}],"curies":[{"name":"wp","href":"https:\/\/api.w.org\/{rel}","templated":true}]}}